{"id":10969,"date":"2021-11-12T19:16:07","date_gmt":"2021-11-12T19:16:07","guid":{"rendered":"https:\/\/staging.loophad.com\/?page_id=10969"},"modified":"2023-12-05T08:43:38","modified_gmt":"2023-12-05T08:43:38","slug":"lending","status":"publish","type":"page","link":"https:\/\/staging.loophad.com\/fr\/lending\/","title":{"rendered":"Pr\u00eat"},"content":{"rendered":"<div data-elementor-type=\"wp-page\" data-elementor-id=\"10969\" class=\"elementor elementor-10969\">\n\t\t\t\t\t\t\t\t\t<section class=\"elementor-section elementor-top-section elementor-element elementor-element-629ef5c elementor-section-boxed elementor-section-height-default elementor-section-height-default\" data-id=\"629ef5c\" data-element_type=\"section\">\n\t\t\t\t\t\t<div class=\"elementor-container elementor-column-gap-default\">\n\t\t\t\t\t<div class=\"elementor-column elementor-col-100 elementor-top-column elementor-element elementor-element-75dcf641 stretch-to-none\" data-id=\"75dcf641\" data-element_type=\"column\">\n\t\t\t<div class=\"elementor-widget-wrap elementor-element-populated\">\n\t\t\t\t\t\t\n<style>\n    \n.logos-slider-container {\n\t align-items: center;\n\t background: #ffffff;\n\t display: flex;\n\t height: auto;\n\t justify-content: center;\n}\n @keyframes scroll {\n\t 0% {\n\t\t transform: translateX(0);\n\t}\n\t 100% {\n\t\t transform: translateX(calc(-250px * 7));\n\t}\n}\n .slider {\n\t background: white;\n\t \/* box-shadow: 0 10px 20px -5px rgba(0, 0, 0, .125); *\/\n\t \/* height: 100px; *\/\n\t margin: auto;\n\t overflow: hidden;\n\t position: relative;\n\t \/* width: 1140px; *\/\n}\n .slider::before, .slider::after {\n\t \/* background: linear-gradient(to right, rgba(255, 255, 255, 1) 0%, rgba(255, 255, 255, 0) 100%); *\/\n\t content: \"\";\n\t height: 100px;\n\t position: absolute;\n\t width: 200px;\n\t z-index: 2;\n}\n .slider::after {\n\t right: 0;\n\t top: 0;\n\t transform: rotateZ(180deg);\n}\n .slider::before {\n\t left: 0;\n\t top: 0;\n}\n .slider .slide-track {\n\t animation: scroll 20s linear infinite;\n\t display: flex;\n\t width: calc(250px * 1000);\n}\n .slider .slide {\n\t height: 100px;\n\t width: 250px;\n     display: flex;\n     align-items: center;\n     justify-content: center;\n}\n \n<\/style><style type=\"text\/css\">\n    .img-wrapper{\n        height: 100vh !important;\n        background-attachment: fixed !important;\n        background-size: cover !important;   \n        background-repeat: no-repeat;\n        background-position: center center;\n         }\n         #wowslider-container1{\n            z-index: 0 !important;\n         }\n<\/style>\t\t<div class=\"elementor-element elementor-element-1cb61536 elementor-widget elementor-widget-text-editor\" data-id=\"1cb61536\" data-element_type=\"widget\" data-widget_type=\"text-editor.default\">\n\t\t\t\t<div class=\"elementor-widget-container\">\n\t\t\t\t\t\t\t<!-- wp:paragraph -->\n<p><strong>ROSDEV CAPITAL FUNDING (RCF)<\/strong><\/p>\n<!-- \/wp:paragraph --><!-- wp:paragraph -->\n<p>Depuis des d\u00e9cennies, Rosdev Capital Funding LP (\u201cRCF\u201d) offre des cr\u00e9dits-relais pour financer des titres aux investisseurs immobiliers, propri\u00e9taires et promoteurs. Fort d\u2019ann\u00e9es d\u2019exp\u00e9rience sur le march\u00e9 de l\u2019immobilier classique, RCF comprend mieux que quiconque les efforts \u00e0 entreprendre et vous offre les ressources pour un acc\u00e8s rapide et sans stress \u00e0 des financements qui vous semblent hors de port\u00e9e.<\/p>\n<!-- \/wp:paragraph --><!-- wp:paragraph -->\n<p>L\u2019approche de RCF en mati\u00e8re de pr\u00eats est l\u2019une des plus comp\u00e9titives, compar\u00e9 aux soci\u00e9t\u00e9s traditionnelles de cr\u00e9dit. Les sc\u00e9narios difficiles ne sont pas vus comme des obstacles mais plut\u00f4t comme une opportunit\u00e9 d\u2019offrir \u00e0 sa client\u00e8le les meilleures options de pr\u00eat possibles pour r\u00e9pondre \u00e0 leurs projets immobiliers urgents.<\/p>\n<!-- \/wp:paragraph --><!-- wp:paragraph -->\n<p>Pour plus d\u2019info sur Rosdev Capital Funding LP (\u201cRCF\u201d) et nos services de cr\u00e9dits-relais, <a href=\"https:\/\/www.rcapfunding.com\/\" target=\"_blank\" rel=\"noopener\" data-type=\"page\" data-id=\"2454\">contactez-nous<\/a><\/p>\n<!-- \/wp:paragraph -->\t\t\t\t\t\t<\/div>\n\t\t\t\t<\/div>\n\t\t\t\t\t<\/div>\n\t\t<\/div>\n\t\t\t\t\t\t\t<\/div>\n\t\t<\/section>\n\t\t\t\t\t\t\t<\/div>","protected":false},"excerpt":{"rendered":"<p>ROSDEV CAPITAL FUNDING (RCF) Rosdev Capital Funding LP (\u201cRCF\u201d) has been providing bridge loan financing options to Real Estate Investors, Owners, and Developers for decades. Based on years of experience in the traditional real estate market, RCF understands what it takes and has the resources to provide quick and stress-free access to funding, which might [&hellip;]<\/p>","protected":false},"author":4,"featured_media":0,"parent":0,"menu_order":0,"comment_status":"closed","ping_status":"closed","template":"page-default-template.php","meta":{"footnotes":""},"class_list":["post-10969","page","type-page","status-publish","hentry"],"_links":{"self":[{"href":"https:\/\/staging.loophad.com\/fr\/wp-json\/wp\/v2\/pages\/10969","targetHints":{"allow":["GET"]}}],"collection":[{"href":"https:\/\/staging.loophad.com\/fr\/wp-json\/wp\/v2\/pages"}],"about":[{"href":"https:\/\/staging.loophad.com\/fr\/wp-json\/wp\/v2\/types\/page"}],"author":[{"embeddable":true,"href":"https:\/\/staging.loophad.com\/fr\/wp-json\/wp\/v2\/users\/4"}],"replies":[{"embeddable":true,"href":"https:\/\/staging.loophad.com\/fr\/wp-json\/wp\/v2\/comments?post=10969"}],"version-history":[{"count":22,"href":"https:\/\/staging.loophad.com\/fr\/wp-json\/wp\/v2\/pages\/10969\/revisions"}],"predecessor-version":[{"id":11836,"href":"https:\/\/staging.loophad.com\/fr\/wp-json\/wp\/v2\/pages\/10969\/revisions\/11836"}],"wp:attachment":[{"href":"https:\/\/staging.loophad.com\/fr\/wp-json\/wp\/v2\/media?parent=10969"}],"curies":[{"name":"wp","href":"https:\/\/api.w.org\/{rel}","templated":true}]}}