{"id":10067,"date":"2021-08-08T10:24:58","date_gmt":"2021-08-08T10:24:58","guid":{"rendered":"http:\/\/staging2.upkars3.sg-host.com\/?page_id=10067"},"modified":"2023-03-29T12:30:38","modified_gmt":"2023-03-29T12:30:38","slug":"storage","status":"publish","type":"page","link":"https:\/\/staging.loophad.com\/fr\/storage\/","title":{"rendered":"Espace De Rangement"},"content":{"rendered":"<div data-elementor-type=\"wp-page\" data-elementor-id=\"10067\" class=\"elementor elementor-10067\">\n\t\t\t\t\t\t\t\t\t<section class=\"elementor-section elementor-top-section elementor-element elementor-element-4083662 elementor-section-boxed elementor-section-height-default elementor-section-height-default\" data-id=\"4083662\" data-element_type=\"section\">\n\t\t\t\t\t\t<div class=\"elementor-container elementor-column-gap-default\">\n\t\t\t\t\t<div class=\"elementor-column elementor-col-100 elementor-top-column elementor-element elementor-element-a2d6680 stretch-to-none\" data-id=\"a2d6680\" data-element_type=\"column\">\n\t\t\t<div class=\"elementor-widget-wrap elementor-element-populated\">\n\t\t\t\t\t\t\n<style>\n    \n.logos-slider-container {\n\t align-items: center;\n\t background: #ffffff;\n\t display: flex;\n\t height: auto;\n\t justify-content: center;\n}\n @keyframes scroll {\n\t 0% {\n\t\t transform: translateX(0);\n\t}\n\t 100% {\n\t\t transform: translateX(calc(-250px * 7));\n\t}\n}\n .slider {\n\t background: white;\n\t \/* box-shadow: 0 10px 20px -5px rgba(0, 0, 0, .125); *\/\n\t \/* height: 100px; *\/\n\t margin: auto;\n\t overflow: hidden;\n\t position: relative;\n\t \/* width: 1140px; *\/\n}\n .slider::before, .slider::after {\n\t \/* background: linear-gradient(to right, rgba(255, 255, 255, 1) 0%, rgba(255, 255, 255, 0) 100%); *\/\n\t content: \"\";\n\t height: 100px;\n\t position: absolute;\n\t width: 200px;\n\t z-index: 2;\n}\n .slider::after {\n\t right: 0;\n\t top: 0;\n\t transform: rotateZ(180deg);\n}\n .slider::before {\n\t left: 0;\n\t top: 0;\n}\n .slider .slide-track {\n\t animation: scroll 20s linear infinite;\n\t display: flex;\n\t width: calc(250px * 1000);\n}\n .slider .slide {\n\t height: 100px;\n\t width: 250px;\n     display: flex;\n     align-items: center;\n     justify-content: center;\n}\n \n<\/style><style type=\"text\/css\">\n    .img-wrapper{\n        height: 100vh !important;\n        background-attachment: fixed !important;\n        background-size: cover !important;   \n        background-repeat: no-repeat;\n        background-position: center center;\n         }\n         #wowslider-container1{\n            z-index: 0 !important;\n         }\n<\/style>\t\t<div class=\"elementor-element elementor-element-44ba27a elementor-widget elementor-widget-text-editor\" data-id=\"44ba27a\" data-element_type=\"widget\" data-widget_type=\"text-editor.default\">\n\t\t\t\t<div class=\"elementor-widget-container\">\n\t\t\t\t\t\t\t<p><strong>Rosdev&#8217;s Storage<\/strong> Les b\u00e2timents d\u2019entreposage propos\u00e9s par Rosdev ont \u00e9t\u00e9 construits pour garantir un maximum de s\u00e9curit\u00e9 et de praticit\u00e9 pour tous les usages, tant commerciaux que priv\u00e9s. Ces biens sont regroup\u00e9s et situ\u00e9s dans les plus grandes villes. <a href=\"https:\/\/staging.loophad.com\/fr\/services\/storage\/\">en savoir plus<\/a>.<\/p>\t\t\t\t\t\t<\/div>\n\t\t\t\t<\/div>\n\t\t\t\t\t<\/div>\n\t\t<\/div>\n\t\t\t\t\t\t\t<\/div>\n\t\t<\/section>\n\t\t\t\t\t\t\t<\/div>\n\t\t\n\n    <div id=\"ulisting-inventory-list\">\n\t    \n<div class=\"ulisting_element_630_1626639600131 ulisting_element_630_1626639600131\" >\n    <div class=\"container\">\n        \n<div class=\"stm-row  ulisting_element_30_1626639600131\">\n\n<div class=\"stm-col  stm-col-xl-0 stm-col-lg-0 stm-col-md-0 stm-col-sm-0 stm-col-0 ulisting_element_400_1626639600131\" >\n\t<div class='inventory-title_style_1'><div class=\"ulisting_element_980_1626639605662\" > Espace De Rangement <\/div><\/div>\n\n\n\n<div class=\"listing-main-right-sidebar stm-row ulisting_element_700_1626640970515\">\t\n<div class=\"listing-main-filter-section stm-col  stm-col-xl-3 stm-col-lg-0 stm-col-md-0 stm-col-sm-0 stm-col-0 ulisting_element_60_1626640970515\" >\n\t\n<div class=\"ulisting_element_610_1628153632059\" >\n\t<div class=\"widget_categories with-white-bg\"><h2 class=\"widget-title\">Filtre<\/h2><\/div><\/div>\n\n<div class=\"ulisting-reset-filter ulisting_element_510_1632061491306\" ><a  href=\"https:\/\/staging.loophad.com\/fr\/storage\/\"><span class=\"property-icon-reload\"><\/span> Reset Search <\/a><\/div>\n\n\n\n<div class='inventory-filter_box_wrap'><div class='inventory-filter_box inventory-filter_style_4'><div class=\"ulisting_element_230_1626640990936 ulisting_element_230_1626640990936\">\n\n\t\t\t<stm-search-form-advanced\n\t\t\t\tref=\"filter\"\n\t\t\t\tclass=\"ulisting-form\"\n\t\t\t\tinline-template\n\t\t\t\tdata-v-on_url-update=\"set_url\"\n\t\t\t\tdata-v-on_location-update=\"location_update\"\n\t\t\t\tdata-v-on_exists-filter=\"exists_filter\"\n\t\t\t\tdata-v-bind_show=\"filter.show\"\n\t\t\t\tdata-v-bind_url=\"url\"\n\t\t\t\tdata-v-bind_listing_type_id=\"listing_type_id\"\n\t\t\t\tdata-v-bind_search_form_type=\"search_form_type\"\n\t\t\t\tdata-v-bind_data=\"filter.field_data\"\n\t\t\t\tdata-v-bind_field_type=\"filter.field_type\"\n\t\t\t\tdata-v-bind_field_show=\"field_show\"\n\t\t\t\tdata-v-bind_search_fields=\"filter.search_fields\">\n\t\t\t\t\t\n\t\t\t\t\t<div data-v-bind_class=\"{filter_close:show_filter}\" class=\"mobile-filter-box homepress_loading_preloader preloader_show\">\n\t\t\t\t\t \t<div class=\"preloader_text\">Loading<\/div>\n\t\t\t\t\t\t<div data-v-if=\"show\" class=\"container inventory-filter_attribute_box_wrap\">\n\t\t\t\t\t\t\t<div class='inventory-filter_attribute_box'><div class='inventory-filter_attribute'>\t\t<stm-field-dropdown inline-template\n\t\t\t data-v-bind_key=\"generateRandomId()\"\n\t\t\t  v-model='data.region'\n\t\t\t  placeholder=\"Region\"\n\t\t\t  order_by=''\n\t\t\t  order='ASC'\n\t\t\t  data-v-bind_callback_change='change'\n\t\t\t  data-v-bind_items='data.attribute_items.region'\n\t\t\t  hide_empty='false'\n\t\t\t  attribute_name='region' >\n\t\t\t<div class=\"ulisting-form-gruop\">\n\t\t\t\t\t\t\t\t\t<label>R\u00e9gion<\/label>\n\t\t\t\t\t\t\t\t<ulisting-select2 data-v-bind_key=\"generateRandomId()\" data-v-bind_options='list' data-v-bind_placeholder=\"placeholder\" data-v-model='value' theme='bootstrap4'><\/ulisting-select2>\n\t\t\t<\/div>\n\t\t<\/stm-field-dropdown>\n\n\n<\/div><\/div><div class='inventory-filter_attribute_box'><div class='inventory-filter_attribute'>\n<stm-field-range\n\t  inline-template\n\t class=\"ulisting-form-gruop\"\n\t  data-v-bind_key=\"generateRandomId()\"\n\t  v-model='data.rental'\n\t  data-v-bind_callback_change='change'\n\t  prefix='$\/Sqft:'\n\t  suffix=''\n      data-v-bind_sign='false'\n\t  min='0'\n\t  max='0'>\n\t<div>\n\t\t\t\t\t<label>De location<\/label>\n\t\t\t\t<vue-range-slider data-v-bind_min=\"min\"\n\t\t\t\t\t\t  data-v-bind_max=\"max\"\n\t\t\t\t\t\t  data-v-bind_from=\"from\"\n\t\t\t\t\t\t  data-v-bind_to=\"to\"\n\t\t\t\t\t\t  type=\"double\"\n\t\t\t\t\t\t  data-v-bind_prefix=\"prefix\"\n\t\t\t\t\t\t  data-v-bind_postfix=\"suffix\"\n\t\t\t\t\t\t  data-v-on_callback='updateValue'\n\t\t\t\t\t\t  data-v-bind_key=\"generateRandomId()\" >\n\t\t<\/vue-range-slider>\n\t<\/div>\n<\/stm-field-range>\n<\/div><\/div><div class='inventory-filter_attribute_box'><div class='inventory-filter_attribute'><stm-field-checkbox inline-template\n\t data-v-bind_key=\"generateRandomId()\"\n\t    v-model='data.amenities'\n\t\torder_by='name'\n\t\torder='ASC'\n\t\tdata-v-bind_callback_change='change'\n\t\tdata-v-bind_items='data.attribute_items.amenities'\n\t\tdata-v-bind_hide_empty='\"on\"'\n        >\t<div class=\"ulisting-form-gruop\">\n\t\t<label>Commodit\u00e9s<\/label>\n\t\t<div class=\"stm-row\">\n\t\t\t<div class='stm-col-12 checkbox-input' data-v-for='(item, index) in list'>\n\t\t\t\t<label>\n\t\t\t\t\t<input data-v-on_change='updateValue' type='checkbox' data-v-bind_value='item.value' data-v-model='value' >\n\t\t\t\t\t{{item.name}} <span> ( {{item.count}} )<\/span>\n\t\t\t\t<\/label>\n\t\t\t<\/div>\n\t\t<\/div>\n\t<\/div>\n<\/stm-field-checkbox>\n<\/div><\/div>\n\t\t\t\t\t\t<\/div>\n\t\t\t\t\t\t<div class=\"filter-reset-button\">\n\t\t\t\t\t\t\t<a class=\"homepress-button-outline-full\" href=\"https:\/\/staging.loophad.com\/fr\/storage\/\">R\u00e9initialiser filtre<\/a>\n\t\t\t\t\t\t<\/div>\n\t\t\t\t\t\t<div data-v-on_click=\"show_filter = !show_filter\" data-v-bind_class=\"{filter_close:show_filter}\" class=\"stm_mobile_filter_switcher\">\n\t\t\t\t\t\t\t<i class=\"fa fa-filter\"><\/i> <span class=\"text-results\">Obtenir le r\u00e9sultat<\/span> <span class=\"text-filter\">Filtre<\/span>\n\t\t\t\t\t\t<\/div>\n\t\t\t\n\t\t\t\t\t<\/div>\n\t\t\t<\/stm-search-form-advanced><\/div><\/div><\/div>\n<\/div>\n\n<div class=\"listing-main-middle-section stm-col  stm-col-xl-0 stm-col-lg-0 stm-col-md-0 stm-col-sm-0 stm-col-0 ulisting_element_200_1626640974864\" >\n\t<div class='inventory-sort_style_1 homepress_sort_preloader preloader_show'><div class=\"ulisting_element_530_1626641024974\" >\n\t\t\t\t\t<stm-listing-order inline-template\n\t\t\t\t\t\t\t\t\t\tv-on:set-order=\"set_order\"\n\t\t\t\t\t\t\t\t       :listing_order=\"listing_order_data?.listing_order\"\n\t\t\t\t\t\t\t\t       :order_by_default=\"listing_order_data?.order_by_default\"\n\t\t\t\t\t\t\t\t       :view_type=\"listing_order_data?.view_type\">\n\t\t\t\t\t\t\t\t\t\t<div> <ul data-v-if=\"view_type=='list'\" class=\"list-inline\">\n\t\t\t<li class=\"list-inline-item\" data-v-for=\" (item, key)  in listing_order\">\n\t\t\t\t<span style=\"cursor: pointer\" data-v-on_click=\"selected=item; change()\">{{item.label}}<\/span>\n\t\t\t<\/li>\n\t\t <\/ul> <ulisting-select2 v-if=\"selected\" data-v-bind_options=\"listing_order\" v-model=\"selected\" text=\"label\" theme=\"bootstrap4\"><\/ulisting-select2> <\/div>\n\t\t\t\t\t<\/stm-listing-order>\n\t\t\t\t<\/div><\/div><div class=\"ulisting_element_80_1626641011039\"> <div data-v-bind_class=\"{'ulisting-preloader':preloader}\" id=\"stm-listing-list-panel\">  <div class='stm-row'><div class=\"ulisting-item-list inventory-loop-list_style_2 stm-col-12\">\n    <div class=\"inventory_content_wrap\">\n\t\n<div class=\"main-listing-type-title-wrap ulisting_element_800_1627903137835 ulisting_element_800_1627903137835\" >\n    <div class=\"container\">\n        \n<div class=\"stm-row  ulisting_element_900_1627903137835\">\n\n<div class=\"title-container-item stm-col  stm-col-xl-6 stm-col-lg-0 stm-col-md-0 stm-col-sm-0 stm-col-0 ulisting_element_540_1627903137835\" >\n\t\n    <div class=\"inventory-single-page-link_inventory\">\n        <a href=\"https:\/\/staging.loophad.com\/fr\/listing\/depotium-3555-rue-cremazie-e-montreal-qc\/\" class=\"attribute-title-box ulisting_element_980_1578394027687 ulisting_element_980_1578394027687\">\n            DEPOTIUM, 3555, RUE CR\u00c9MAZIE E., MONTR\u00c9AL, QC        <\/a>\n    <\/div>\n\n\n<\/div>\n\n<div class=\"stm-col  stm-col-xl-0 stm-col-lg-0 stm-col-md-0 stm-col-sm-0 stm-col-0 ulisting_element_410_1629913309388\" >\n\t<div class=\"stm-row ulisting_element_350_1629913315664\">\t\n<div class=\"show-in-details-list-attributes stm-col  stm-col-xl-0 stm-col-lg-0 stm-col-md-0 stm-col-sm-0 stm-col-0 ulisting_element_650_1629913315664\" >\n\t<div class=\"ulisting_element_560_1629913895266\">\n\t<\/div>\n<div class=\"ulisting_element_670_1629913932672\">\n\t\n            <div class='attribute_style attribute_style_12'>\n                <div class='attribute-parts-wrap'>\n                     <div class='attribute-name'>Statut<\/div>\n                    <div class='attribute-value'>Actif<\/div>\n                    <div class='attribute-title'><\/div>\n                 <\/div>\n            <\/div>\n        <\/div>\n    <div class=\"ulisting_element_900_1629913997227\">\n        \n            <div class='attribute_style attribute_style_12'>\n                <div class='attribute-parts-wrap'>\n                     <div class='attribute-name'>T\u00e9l\u00e9phone<\/div>\n                    <div class='attribute-value'>514 700 7000<\/div>\n                    <div class='attribute-title'><\/div>\n                 <\/div>\n            <\/div>\n            <\/div>\n<\/div>\n<\/div>\n<\/div>\n<\/div>\n    <\/div>\n<\/div>\n<div class=\"ulisting-listing-item-wrapper listing-item-full ulisting_element_420_1578393136050 ulisting_element_420_1578393136050\" >\n    <div class=\"container\">\n        \n<div class=\"stm-row  ulisting_element_420_1578393136050\">\n\n<div class=\"stm-col  stm-col-xl-6 stm-col-lg-12 stm-col-md-5 stm-col-sm-5 stm-col-12 ulisting_element_770_1578393136050\" >\n\t<div class=\"ulisting_element_780_1627848130809\">\n\t<\/div>\n<div class=\"ulisting_element_680_1627848177216\">\n\t<\/div>\n<div class=\"ulisting_element_850_1627848193248\">\n\n            <div class='attribute_style attribute_style_12'>\n                <div class='attribute-parts-wrap'>\n                     <div class='attribute-name'><\/div>\n                    <div class='attribute-value'>N\/A<\/div>\n                    <div class='attribute-title'><\/div>\n                 <\/div>\n            <\/div>\n        <\/div>\n<div class=\"ulisting_element_630_1627848197653\">\n\t\n            <div class='attribute_style attribute_style_12'>\n                <div class='attribute-parts-wrap'>\n                     <div class='attribute-name'>Statut<\/div>\n                    <div class='attribute-value'>Actif<\/div>\n                    <div class='attribute-title'><\/div>\n                 <\/div>\n            <\/div>\n        <\/div>\n    <div class=\"call-to-action ulisting_element_600_1627848210765\">\n        \n            <div class='attribute_style attribute_style_12'>\n                <div class='attribute-parts-wrap'>\n                     <div class='attribute-name'>T\u00e9l\u00e9phone<\/div>\n                    <div class='attribute-value'>514 700 7000<\/div>\n                    <div class='attribute-title'><\/div>\n                 <\/div>\n            <\/div>\n            <\/div>\n<\/div>\n\n<div class=\"list-item-thumbnail-container stm-col  stm-col-xl-6 stm-col-lg-12 stm-col-md-7 stm-col-sm-7 stm-col-12 ulisting_element_450_1578393181313\" >\n\t<div class='inventory-thumbnail-box inventory-thumbnail-box_style_1' data-id='10812'><a href=\"https:\/\/staging.loophad.com\/fr\/listing\/depotium-3555-rue-cremazie-e-montreal-qc\/\" class=\"ulisting-thumbnail-box-link\"><\/a><div style=\" background-image: url('https:\/\/staging.loophad.com\/wp-content\/uploads\/2021\/11\/3555-Cremazie-st.-E.-Montreal-02-500x500.jpg');\t       background-repeat: no-repeat;\t       background-position: center center;\t       background-size: cover;\" data-id=\"10812\"class=\"ulisting-thumbnail-box ulisting_element_790_1578393328406\"><div class='thumbnail_box_top'><\/div> <div class='thumbnail_box_bottom'><\/div><\/div><\/div>\n\n\n<\/div>\n<\/div>\n    <\/div>\n<\/div>    <\/div>\n<\/div>\n\n\n\n\n<\/div><h3 class='uListing-no-results uListing-no-lists' data-v-if='count === 0'>No Results Found<\/h3> <\/div> <\/div><\/div>\n\n<div class=\"sidebar-for-widgets stm-col  stm-col-xl-3 stm-col-lg-0 stm-col-md-0 stm-col-sm-0 stm-col-0 ulisting_element_910_1626640974865\" >\n\t\n<div class=\"listing-sidebar-section ulisting_element_150_1627899125874\" >\n\t<section class=\"widget widget_categories portfolio-cats\"><h2 class=\"widget-title\">Portafolio<\/h2><ul><li class=\"cat-item cat-item\"><a class=\"healthcare\" id=\"id-healthcare\" href=\"https:\/\/staging.loophad.com\/fr\/healthcare\/\">Soins de sant\u00e9<\/a><\/li><li class=\"cat-item cat-item\"><a class=\"hotels\" id=\"id-hotels\" href=\"https:\/\/staging.loophad.com\/fr\/hotels\/\">H\u00f4tels<\/a><\/li><li class=\"cat-item cat-item\"><a class=\"industrial\" id=\"id-industrial\" href=\"https:\/\/staging.loophad.com\/fr\/industrial\/\">Industriel<\/a><\/li><li class=\"cat-item cat-item\"><a class=\"land only\" id=\"id-land only\" href=\"https:\/\/staging.loophad.com\/fr\/land only\/\">Terre seulement<\/a><\/li><li class=\"cat-item cat-item\"><a class=\"office\" id=\"id-office\" href=\"https:\/\/staging.loophad.com\/fr\/office\/\">Bureau<\/a><\/li><li class=\"cat-item cat-item\"><a class=\"residential\" id=\"id-residential\" href=\"https:\/\/staging.loophad.com\/fr\/residential\/\">R\u00e9sidentiel<\/a><\/li><li class=\"cat-item cat-item\"><a class=\"retail\" id=\"id-retail\" href=\"https:\/\/staging.loophad.com\/fr\/retail\/\">Vendre au d\u00e9tail<\/a><\/li><li class=\"cat-item cat-item\"><a class=\"storage\" id=\"id-storage\" href=\"https:\/\/staging.loophad.com\/fr\/storage\/\">Espace De Rangement<\/a><\/li><\/ul><\/section> <div class=\"widget widget_categories listing-news-letter\"> <h2 class=\"widget-title\">BULLETIN<\/h2> <div><p>Abonnez-vous pour rejoindre notre liste de diffusion<\/p><\/div> <div class=\"news-letter-form-wrapper\">\n<div class=\"wpcf7 no-js\" id=\"wpcf7-f9514-o1\" lang=\"en-US\" dir=\"ltr\" data-wpcf7-id=\"9514\">\n<div class=\"screen-reader-response\"><p role=\"status\" aria-live=\"polite\" aria-atomic=\"true\"><\/p> <ul><\/ul><\/div>\n<form action=\"\/fr\/wp-json\/wp\/v2\/pages\/10067#wpcf7-f9514-o1\" method=\"post\" class=\"wpcf7-form init\" aria-label=\"Contact form\" novalidate=\"novalidate\" data-status=\"init\" data-trp-original-action=\"\/fr\/wp-json\/wp\/v2\/pages\/10067#wpcf7-f9514-o1\">\n<div style=\"display: none;\">\n<input type=\"hidden\" name=\"_wpcf7\" value=\"9514\" \/>\n<input type=\"hidden\" name=\"_wpcf7_version\" value=\"6.0.6\" \/>\n<input type=\"hidden\" name=\"_wpcf7_locale\" value=\"en_US\" \/>\n<input type=\"hidden\" name=\"_wpcf7_unit_tag\" value=\"wpcf7-f9514-o1\" \/>\n<input type=\"hidden\" name=\"_wpcf7_container_post\" value=\"0\" \/>\n<input type=\"hidden\" name=\"_wpcf7_posted_data_hash\" value=\"\" \/>\n<\/div>\n<p><label><span class=\"wpcf7-form-control-wrap\" data-name=\"email-for-newsletter\"><input size=\"40\" maxlength=\"400\" class=\"wpcf7-form-control wpcf7-email wpcf7-validates-as-required wpcf7-text wpcf7-validates-as-email newsletter-email\" aria-required=\"true\" aria-invalid=\"false\" placeholder=\"Votre adresse email\" value=\"\" type=\"email\" name=\"email-for-newsletter\" \/><\/span> <\/label><input class=\"wpcf7-form-control wpcf7-submit has-spinner btn btn-primary\" type=\"submit\" value=\"S&#039;abonner\" \/>\n<\/p><div class=\"wpcf7-response-output\" aria-hidden=\"true\"><\/div>\n<input type=\"hidden\" name=\"trp-form-language\" value=\"fr\"\/><\/form>\n<\/div>\n<\/div> <\/div><\/div>\n\n<\/div>\n<\/div>\n\n<div class='stm-listing-pagination_style_1'><div class=\"stm-listing-pagination ulisting_element_370_1626641031543\" ><stm-listing-pagination\n\t\t\t\t\tprev=\"Prev\"\n\t\t\t\t\tnext=\"Next\"\n\t\t\t\t\t:url=\"url\"\n\t\t\t\t\t:page=\"paginate.page\"\n\t\t\t\t\tv-on:url-update=\"set_url\"\n\t\t\t\t\tv-on:pagination-update=\"pagination_update\"\n\t\t\t\t\t:page_count=\"paginate.pageCount\">\n\t\t\t\t<\/stm-listing-pagination><\/div><\/div>\n\n\n\n<\/div>\n<\/div>\n    <\/div>\n<\/div>    <\/div>","protected":false},"excerpt":{"rendered":"<p>Rosdev&#8217;s Storage facilities were built for security and convenience and can be used for everything from commercial storage to residential self-storage. The bulk of the facilities are centrally located in major metropolitan markets, learn more.<\/p>","protected":false},"author":4,"featured_media":0,"parent":0,"menu_order":0,"comment_status":"closed","ping_status":"closed","template":"","meta":{"footnotes":""},"class_list":["post-10067","page","type-page","status-publish","hentry"],"_links":{"self":[{"href":"https:\/\/staging.loophad.com\/fr\/wp-json\/wp\/v2\/pages\/10067","targetHints":{"allow":["GET"]}}],"collection":[{"href":"https:\/\/staging.loophad.com\/fr\/wp-json\/wp\/v2\/pages"}],"about":[{"href":"https:\/\/staging.loophad.com\/fr\/wp-json\/wp\/v2\/types\/page"}],"author":[{"embeddable":true,"href":"https:\/\/staging.loophad.com\/fr\/wp-json\/wp\/v2\/users\/4"}],"replies":[{"embeddable":true,"href":"https:\/\/staging.loophad.com\/fr\/wp-json\/wp\/v2\/comments?post=10067"}],"version-history":[{"count":5,"href":"https:\/\/staging.loophad.com\/fr\/wp-json\/wp\/v2\/pages\/10067\/revisions"}],"predecessor-version":[{"id":11094,"href":"https:\/\/staging.loophad.com\/fr\/wp-json\/wp\/v2\/pages\/10067\/revisions\/11094"}],"wp:attachment":[{"href":"https:\/\/staging.loophad.com\/fr\/wp-json\/wp\/v2\/media?parent=10067"}],"curies":[{"name":"wp","href":"https:\/\/api.w.org\/{rel}","templated":true}]}}